{"id":11223,"date":"2024-08-14T15:03:59","date_gmt":"2024-08-14T15:03:59","guid":{"rendered":"https:\/\/delcofoundation.org\/consorcios-comunitarios\/"},"modified":"2024-08-15T20:41:47","modified_gmt":"2024-08-15T20:41:47","slug":"consorcios-comunitarios","status":"publish","type":"page","link":"https:\/\/delcofoundation.org\/es\/consorcios-comunitarios\/","title":{"rendered":"Consorcios comunitarios"},"content":{"rendered":"<p>Nuestro Consorcio Comunitario (antes conocido como Red de Acci\u00f3n Comunitaria o CAN) pretende reunir a padres, miembros de la comunidad, organizaciones y otras partes interesadas con el fin de encontrar soluciones para prevenir las muertes infantiles, identificar las causas profundas de las muertes infantiles y asesorar sobre el crecimiento de iniciativas centradas en la familia.<br \/>\nEn el pasado, el proyecto Healthy Start de la Fundaci\u00f3n convocaba a las partes interesadas a nivel de condado.<br \/>\nEste relanzamiento del programa se centra en abordar las disparidades en los nacimientos espec\u00edficamente en la ciudad de Chester, que actualmente tiene la tasa de mortalidad infantil m\u00e1s alta de todas las ciudades del estado de Pensilvania.    <\/p>\n<h2>Objetivos centrales de los esfuerzos de la Convocatoria<\/h2>\n<ul>\n<li>Convocar a socios diversos y multisectoriales a nivel estatal, local y comunitario, incluidos los participantes en Healthy Start y otros miembros de la comunidad, que: asesoren e informen sobre las estrategias para prestar servicios directos y facilitadores a los participantes en Healthy Start.<\/li>\n<li>Desarrollar asociaciones intersectoriales para garantizar el acceso de los participantes en Healthy Start a la coordinaci\u00f3n de: atenci\u00f3n m\u00e9dica integral materna, infantil y familiar; educaci\u00f3n sanitaria y parental; y recursos comunitarios que aborden los determinantes sociales de la salud dentro del \u00e1rea del proyecto.<\/li>\n<li>Participa en Comunidades de Pr\u00e1ctica con otros proyectos Healthy Start para desarrollar y aplicar un plan estrat\u00e9gico para la comunidad que se centre en al menos un determinante social de la salud.<\/li>\n<li>Aumentar la recepci\u00f3n de gesti\u00f3n de casos y coordinaci\u00f3n de cuidados para facilitar el acceso a la atenci\u00f3n m\u00e9dica y a los recursos comunitarios.<\/li>\n<li>Aumentar la adopci\u00f3n de conductas saludables antes, durante y despu\u00e9s del embarazo.<\/li>\n<li>Aumentar el uso de pr\u00e1cticas seguras de cuidado del lactante.<\/li>\n<\/ul>\n<p>  Si est\u00e1s interesado en unirte a este grupo de trabajo, ponte en contacto con Karen Peterson en <a href=\"mailto:kpeterson@delcofoundation.org\">kpeterson@delcofoundation.org.<\/a><\/p>\n","protected":false},"excerpt":{"rendered":"<p>Nuestro Consorcio Comunitario (antes conocido como Red de Acci\u00f3n Comunitaria o CAN) pretende reunir a padres, miembros de la comunidad, organizaciones y otras partes interesadas con el fin de encontrar soluciones para prevenir las muertes infantiles, identificar las causas profundas de las muertes infantiles y asesorar sobre el crecimiento de iniciativas centradas en la familia&#8230;.<\/p>\n","protected":false},"author":12,"featured_media":0,"parent":0,"menu_order":0,"comment_status":"closed","ping_status":"closed","template":"","meta":{"_acf_changed":false,"inline_featured_image":false,"footnotes":""},"class_list":["post-11223","page","type-page","status-publish","hentry"],"acf":[],"yoast_head":"<!-- This site is optimized with the Yoast SEO plugin v26.7 - https:\/\/yoast.com\/wordpress\/plugins\/seo\/ -->\n<title>Consorcios comunitarios - The Foundation for Delaware County<\/title>\n<meta name=\"robots\" content=\"index, follow, max-snippet:-1, max-image-preview:large, max-video-preview:-1\" \/>\n<link rel=\"canonical\" href=\"https:\/\/delcofoundation.org\/es\/consorcios-comunitarios\/\" \/>\n<meta property=\"og:locale\" content=\"es_ES\" \/>\n<meta property=\"og:type\" content=\"article\" \/>\n<meta property=\"og:title\" content=\"Consorcios comunitarios - The Foundation for Delaware County\" \/>\n<meta property=\"og:description\" content=\"Nuestro Consorcio Comunitario (antes conocido como Red de Acci\u00f3n Comunitaria o CAN) pretende reunir a padres, miembros de la comunidad, organizaciones y otras partes interesadas con el fin de encontrar soluciones para prevenir las muertes infantiles, identificar las causas profundas de las muertes infantiles y asesorar sobre el crecimiento de iniciativas centradas en la familia....\" \/>\n<meta property=\"og:url\" content=\"https:\/\/delcofoundation.org\/es\/consorcios-comunitarios\/\" \/>\n<meta property=\"og:site_name\" content=\"The Foundation for Delaware County\" \/>\n<meta property=\"article:modified_time\" content=\"2024-08-15T20:41:47+00:00\" \/>\n<meta property=\"og:image\" content=\"https:\/\/delcofoundation.org\/app\/uploads\/2021\/10\/320_FDC-Annual-21-e1631905307293.jpg\" \/>\n\t<meta property=\"og:image:width\" content=\"1950\" \/>\n\t<meta property=\"og:image:height\" content=\"1150\" \/>\n\t<meta property=\"og:image:type\" content=\"image\/jpeg\" \/>\n<meta name=\"twitter:card\" content=\"summary_large_image\" \/>\n<meta name=\"twitter:label1\" content=\"Est. reading time\" \/>\n\t<meta name=\"twitter:data1\" content=\"2 minutes\" \/>\n<script type=\"application\/ld+json\" class=\"yoast-schema-graph\">{\"@context\":\"https:\/\/schema.org\",\"@graph\":[{\"@type\":\"WebPage\",\"@id\":\"https:\/\/delcofoundation.org\/es\/consorcios-comunitarios\/\",\"url\":\"https:\/\/delcofoundation.org\/es\/consorcios-comunitarios\/\",\"name\":\"Consorcios comunitarios - The Foundation for Delaware County\",\"isPartOf\":{\"@id\":\"https:\/\/delcofoundation.org\/es\/#website\"},\"datePublished\":\"2024-08-14T15:03:59+00:00\",\"dateModified\":\"2024-08-15T20:41:47+00:00\",\"breadcrumb\":{\"@id\":\"https:\/\/delcofoundation.org\/es\/consorcios-comunitarios\/#breadcrumb\"},\"inLanguage\":\"es-ES\",\"potentialAction\":[{\"@type\":\"ReadAction\",\"target\":[\"https:\/\/delcofoundation.org\/es\/consorcios-comunitarios\/\"]}]},{\"@type\":\"BreadcrumbList\",\"@id\":\"https:\/\/delcofoundation.org\/es\/consorcios-comunitarios\/#breadcrumb\",\"itemListElement\":[{\"@type\":\"ListItem\",\"position\":1,\"name\":\"Home\",\"item\":\"https:\/\/delcofoundation.org\/es\/\"},{\"@type\":\"ListItem\",\"position\":2,\"name\":\"Consorcios comunitarios\"}]},{\"@type\":\"WebSite\",\"@id\":\"https:\/\/delcofoundation.org\/es\/#website\",\"url\":\"https:\/\/delcofoundation.org\/es\/\",\"name\":\"The Foundation for Delaware County\",\"description\":\"\",\"publisher\":{\"@id\":\"https:\/\/delcofoundation.org\/es\/#organization\"},\"potentialAction\":[{\"@type\":\"SearchAction\",\"target\":{\"@type\":\"EntryPoint\",\"urlTemplate\":\"https:\/\/delcofoundation.org\/es\/?s={search_term_string}\"},\"query-input\":{\"@type\":\"PropertyValueSpecification\",\"valueRequired\":true,\"valueName\":\"search_term_string\"}}],\"inLanguage\":\"es-ES\"},{\"@type\":\"Organization\",\"@id\":\"https:\/\/delcofoundation.org\/es\/#organization\",\"name\":\"The Foundation for Delaware County\",\"url\":\"https:\/\/delcofoundation.org\/es\/\",\"logo\":{\"@type\":\"ImageObject\",\"inLanguage\":\"es-ES\",\"@id\":\"https:\/\/delcofoundation.org\/es\/#\/schema\/logo\/image\/\",\"url\":\"\",\"contentUrl\":\"\",\"caption\":\"The Foundation for Delaware County\"},\"image\":{\"@id\":\"https:\/\/delcofoundation.org\/es\/#\/schema\/logo\/image\/\"}}]}<\/script>\n<!-- \/ Yoast SEO plugin. -->","yoast_head_json":{"title":"Consorcios comunitarios - The Foundation for Delaware County","robots":{"index":"index","follow":"follow","max-snippet":"max-snippet:-1","max-image-preview":"max-image-preview:large","max-video-preview":"max-video-preview:-1"},"canonical":"https:\/\/delcofoundation.org\/es\/consorcios-comunitarios\/","og_locale":"es_ES","og_type":"article","og_title":"Consorcios comunitarios - The Foundation for Delaware County","og_description":"Nuestro Consorcio Comunitario (antes conocido como Red de Acci\u00f3n Comunitaria o CAN) pretende reunir a padres, miembros de la comunidad, organizaciones y otras partes interesadas con el fin de encontrar soluciones para prevenir las muertes infantiles, identificar las causas profundas de las muertes infantiles y asesorar sobre el crecimiento de iniciativas centradas en la familia....","og_url":"https:\/\/delcofoundation.org\/es\/consorcios-comunitarios\/","og_site_name":"The Foundation for Delaware County","article_modified_time":"2024-08-15T20:41:47+00:00","og_image":[{"width":1950,"height":1150,"url":"https:\/\/delcofoundation.org\/app\/uploads\/2021\/10\/320_FDC-Annual-21-e1631905307293.jpg","type":"image\/jpeg"}],"twitter_card":"summary_large_image","twitter_misc":{"Est. reading time":"2 minutes"},"schema":{"@context":"https:\/\/schema.org","@graph":[{"@type":"WebPage","@id":"https:\/\/delcofoundation.org\/es\/consorcios-comunitarios\/","url":"https:\/\/delcofoundation.org\/es\/consorcios-comunitarios\/","name":"Consorcios comunitarios - The Foundation for Delaware County","isPartOf":{"@id":"https:\/\/delcofoundation.org\/es\/#website"},"datePublished":"2024-08-14T15:03:59+00:00","dateModified":"2024-08-15T20:41:47+00:00","breadcrumb":{"@id":"https:\/\/delcofoundation.org\/es\/consorcios-comunitarios\/#breadcrumb"},"inLanguage":"es-ES","potentialAction":[{"@type":"ReadAction","target":["https:\/\/delcofoundation.org\/es\/consorcios-comunitarios\/"]}]},{"@type":"BreadcrumbList","@id":"https:\/\/delcofoundation.org\/es\/consorcios-comunitarios\/#breadcrumb","itemListElement":[{"@type":"ListItem","position":1,"name":"Home","item":"https:\/\/delcofoundation.org\/es\/"},{"@type":"ListItem","position":2,"name":"Consorcios comunitarios"}]},{"@type":"WebSite","@id":"https:\/\/delcofoundation.org\/es\/#website","url":"https:\/\/delcofoundation.org\/es\/","name":"The Foundation for Delaware County","description":"","publisher":{"@id":"https:\/\/delcofoundation.org\/es\/#organization"},"potentialAction":[{"@type":"SearchAction","target":{"@type":"EntryPoint","urlTemplate":"https:\/\/delcofoundation.org\/es\/?s={search_term_string}"},"query-input":{"@type":"PropertyValueSpecification","valueRequired":true,"valueName":"search_term_string"}}],"inLanguage":"es-ES"},{"@type":"Organization","@id":"https:\/\/delcofoundation.org\/es\/#organization","name":"The Foundation for Delaware County","url":"https:\/\/delcofoundation.org\/es\/","logo":{"@type":"ImageObject","inLanguage":"es-ES","@id":"https:\/\/delcofoundation.org\/es\/#\/schema\/logo\/image\/","url":"","contentUrl":"","caption":"The Foundation for Delaware County"},"image":{"@id":"https:\/\/delcofoundation.org\/es\/#\/schema\/logo\/image\/"}}]}},"_links":{"self":[{"href":"https:\/\/delcofoundation.org\/es\/wp-json\/wp\/v2\/pages\/11223","targetHints":{"allow":["GET"]}}],"collection":[{"href":"https:\/\/delcofoundation.org\/es\/wp-json\/wp\/v2\/pages"}],"about":[{"href":"https:\/\/delcofoundation.org\/es\/wp-json\/wp\/v2\/types\/page"}],"author":[{"embeddable":true,"href":"https:\/\/delcofoundation.org\/es\/wp-json\/wp\/v2\/users\/12"}],"replies":[{"embeddable":true,"href":"https:\/\/delcofoundation.org\/es\/wp-json\/wp\/v2\/comments?post=11223"}],"version-history":[{"count":1,"href":"https:\/\/delcofoundation.org\/es\/wp-json\/wp\/v2\/pages\/11223\/revisions"}],"predecessor-version":[{"id":11313,"href":"https:\/\/delcofoundation.org\/es\/wp-json\/wp\/v2\/pages\/11223\/revisions\/11313"}],"wp:attachment":[{"href":"https:\/\/delcofoundation.org\/es\/wp-json\/wp\/v2\/media?parent=11223"}],"curies":[{"name":"wp","href":"https:\/\/api.w.org\/{rel}","templated":true}]}}