{"id":11118,"date":"2024-08-05T14:54:12","date_gmt":"2024-08-05T14:54:12","guid":{"rendered":"https:\/\/delcofoundation.org\/junta-de-asociados\/"},"modified":"2024-08-08T20:23:25","modified_gmt":"2024-08-08T20:23:25","slug":"junta-de-asociados","status":"publish","type":"page","link":"https:\/\/delcofoundation.org\/es\/junta-de-asociados\/","title":{"rendered":"Junta de Asociados"},"content":{"rendered":"<p><strong>Estamos cultivando la pr\u00f3xima generaci\u00f3n de fil\u00e1ntropos con la Junta de Asociados de la Fundaci\u00f3n.  <\/strong><\/p>\n<p class=\"whitespace-pre-wrap break-words\">La Junta de Asociados es un grupo din\u00e1mico de j\u00f3venes profesionales dedicados a apoyar la misi\u00f3n de la Fundaci\u00f3n de fomentar una comunidad pr\u00f3spera en el condado de Delaware.<br \/>\nCompuesta por l\u00edderes emergentes de diversos or\u00edgenes e industrias, la Junta de Asociados desempe\u00f1a un papel crucial en la expansi\u00f3n del alcance y el impacto de la Fundaci\u00f3n entre las generaciones m\u00e1s j\u00f3venes. <\/p>\n<p class=\"whitespace-pre-wrap break-words\">Los miembros de la Junta de Asociados contribuyen con su tiempo, experiencia y redes de contactos a impulsar las iniciativas de la Fundaci\u00f3n.<br \/>\nOrganizan y participan en actos de recaudaci\u00f3n de fondos y act\u00faan como embajadores de la Fundaci\u00f3n en sus c\u00edrculos profesionales y sociales.<br \/>\nEl Patronato tambi\u00e9n sirve de trampol\u00edn para los futuros l\u00edderes del condado de Delaware, proporcionando a sus miembros una valiosa experiencia en filantrop\u00eda y gobierno de organizaciones sin \u00e1nimo de lucro, as\u00ed como una visi\u00f3n \u00fanica de los retos y oportunidades a los que se enfrenta el condado de Delaware.<br \/>\nLos miembros de la Junta de Asociados se relacionan con compa\u00f1eros de ideas afines, desarrollan habilidades de liderazgo y marcan una diferencia tangible en nuestra comunidad.   <\/p>\n<p class=\"whitespace-pre-wrap break-words\">Los esfuerzos del Consejo apoyan los programas actuales de la Fundaci\u00f3n y ayudan a dar forma a su direcci\u00f3n futura, garantizando que la organizaci\u00f3n siga respondiendo a las necesidades cambiantes de los residentes del condado de Delaware.<\/p>\n<p>&nbsp;<\/p>\n<h3>Miembros de la Junta de Asociados<\/h3>\n<div>\n<div><a href=\"https:\/\/haverfordquality.com\/?s=bryan+tracy\">Bryan Tracy, Fundaci\u00f3n Haverford<\/a><\/div>\n<\/div>\n<div><a href=\"https:\/\/www.citadelbanking.com\/our-business-banking-team\/chris-hansen\">Chris Hansen, Cooperativa de Cr\u00e9dito Citadel<\/a><\/div>\n<div><a href=\"https:\/\/www.linkedin.com\/in\/danielle-griffin-aa44a331\/\">Danielle Griffin, Cooperativa de Cr\u00e9dito Franklin Mint<\/a><\/div>\n<div><a href=\"https:\/\/www.linkedin.com\/in\/dshinton\/\">Dana Hinton, Banco WSFS<\/a><\/div>\n<div><a href=\"https:\/\/www.linkedin.com\/in\/haley-langan-cfp%C2%AE-14b2a1a7\/\">Haley Langan, Coriente<\/a><\/div>\n<div><a href=\"https:\/\/www.linkedin.com\/in\/krista-scheirer\/\">Krista Seng, Aqua<\/a><\/div>\n<div><a href=\"https:\/\/www.linkedin.com\/in\/kristen-m-mccabe\/\">Kristen McCabe, Brinker Simpson<\/a><\/div>\n<div><a href=\"https:\/\/www.linkedin.com\/in\/lee-ann-hansen-50005a95\/\">Leeann Hansen, Vanguard<\/a><\/div>\n<div><a href=\"https:\/\/www.linkedin.com\/in\/mollybelmont\/\">Molly Belmont, Gallagher<\/a><\/div>\n<div><a href=\"https:\/\/www.linkedin.com\/in\/mea-parks-mba-b40647111\/\">Mea Parks, SAP<\/a><\/div>\n<p>&nbsp;<\/p>\n<p>&nbsp;<\/p>\n","protected":false},"excerpt":{"rendered":"<p>Estamos cultivando la pr\u00f3xima generaci\u00f3n de fil\u00e1ntropos con la Junta de Asociados de la Fundaci\u00f3n. La Junta de Asociados es un grupo din\u00e1mico de j\u00f3venes profesionales dedicados a apoyar la misi\u00f3n de la Fundaci\u00f3n de fomentar una comunidad pr\u00f3spera en el condado de Delaware. Compuesta por l\u00edderes emergentes de diversos or\u00edgenes e industrias, la Junta&#8230;<\/p>\n","protected":false},"author":12,"featured_media":15230,"parent":0,"menu_order":0,"comment_status":"closed","ping_status":"closed","template":"","meta":{"_acf_changed":false,"inline_featured_image":false,"footnotes":""},"class_list":["post-11118","page","type-page","status-publish","has-post-thumbnail","hentry"],"acf":[],"yoast_head":"<!-- This site is optimized with the Yoast SEO plugin v26.7 - https:\/\/yoast.com\/wordpress\/plugins\/seo\/ -->\n<title>Junta de Asociados - The Foundation for Delaware County<\/title>\n<meta name=\"robots\" content=\"index, follow, max-snippet:-1, max-image-preview:large, max-video-preview:-1\" \/>\n<link rel=\"canonical\" href=\"https:\/\/delcofoundation.org\/es\/junta-de-asociados\/\" \/>\n<meta property=\"og:locale\" content=\"es_ES\" \/>\n<meta property=\"og:type\" content=\"article\" \/>\n<meta property=\"og:title\" content=\"Junta de Asociados - The Foundation for Delaware County\" \/>\n<meta property=\"og:description\" content=\"Estamos cultivando la pr\u00f3xima generaci\u00f3n de fil\u00e1ntropos con la Junta de Asociados de la Fundaci\u00f3n. La Junta de Asociados es un grupo din\u00e1mico de j\u00f3venes profesionales dedicados a apoyar la misi\u00f3n de la Fundaci\u00f3n de fomentar una comunidad pr\u00f3spera en el condado de Delaware. Compuesta por l\u00edderes emergentes de diversos or\u00edgenes e industrias, la Junta...\" \/>\n<meta property=\"og:url\" content=\"https:\/\/delcofoundation.org\/es\/junta-de-asociados\/\" \/>\n<meta property=\"og:site_name\" content=\"The Foundation for Delaware County\" \/>\n<meta property=\"article:modified_time\" content=\"2024-08-08T20:23:25+00:00\" \/>\n<meta property=\"og:image\" content=\"https:\/\/delcofoundation.org\/app\/uploads\/2024\/08\/20240328-IMG_1623-1024x512.jpg\" \/>\n\t<meta property=\"og:image:width\" content=\"1024\" \/>\n\t<meta property=\"og:image:height\" content=\"512\" \/>\n\t<meta property=\"og:image:type\" content=\"image\/jpeg\" \/>\n<meta name=\"twitter:card\" content=\"summary_large_image\" \/>\n<meta name=\"twitter:label1\" content=\"Est. reading time\" \/>\n\t<meta name=\"twitter:data1\" content=\"2 minutes\" \/>\n<script type=\"application\/ld+json\" class=\"yoast-schema-graph\">{\"@context\":\"https:\/\/schema.org\",\"@graph\":[{\"@type\":\"WebPage\",\"@id\":\"https:\/\/delcofoundation.org\/es\/junta-de-asociados\/\",\"url\":\"https:\/\/delcofoundation.org\/es\/junta-de-asociados\/\",\"name\":\"Junta de Asociados - The Foundation for Delaware County\",\"isPartOf\":{\"@id\":\"https:\/\/delcofoundation.org\/es\/#website\"},\"primaryImageOfPage\":{\"@id\":\"https:\/\/delcofoundation.org\/es\/junta-de-asociados\/#primaryimage\"},\"image\":{\"@id\":\"https:\/\/delcofoundation.org\/es\/junta-de-asociados\/#primaryimage\"},\"thumbnailUrl\":\"https:\/\/delcofoundation.org\/app\/uploads\/2025\/12\/DSC_0430-scaled.jpg\",\"datePublished\":\"2024-08-05T14:54:12+00:00\",\"dateModified\":\"2024-08-08T20:23:25+00:00\",\"breadcrumb\":{\"@id\":\"https:\/\/delcofoundation.org\/es\/junta-de-asociados\/#breadcrumb\"},\"inLanguage\":\"es-ES\",\"potentialAction\":[{\"@type\":\"ReadAction\",\"target\":[\"https:\/\/delcofoundation.org\/es\/junta-de-asociados\/\"]}]},{\"@type\":\"ImageObject\",\"inLanguage\":\"es-ES\",\"@id\":\"https:\/\/delcofoundation.org\/es\/junta-de-asociados\/#primaryimage\",\"url\":\"https:\/\/delcofoundation.org\/app\/uploads\/2025\/12\/DSC_0430-scaled.jpg\",\"contentUrl\":\"https:\/\/delcofoundation.org\/app\/uploads\/2025\/12\/DSC_0430-scaled.jpg\",\"width\":2560,\"height\":1707},{\"@type\":\"BreadcrumbList\",\"@id\":\"https:\/\/delcofoundation.org\/es\/junta-de-asociados\/#breadcrumb\",\"itemListElement\":[{\"@type\":\"ListItem\",\"position\":1,\"name\":\"Home\",\"item\":\"https:\/\/delcofoundation.org\/es\/\"},{\"@type\":\"ListItem\",\"position\":2,\"name\":\"Junta de Asociados\"}]},{\"@type\":\"WebSite\",\"@id\":\"https:\/\/delcofoundation.org\/es\/#website\",\"url\":\"https:\/\/delcofoundation.org\/es\/\",\"name\":\"The Foundation for Delaware County\",\"description\":\"\",\"publisher\":{\"@id\":\"https:\/\/delcofoundation.org\/es\/#organization\"},\"potentialAction\":[{\"@type\":\"SearchAction\",\"target\":{\"@type\":\"EntryPoint\",\"urlTemplate\":\"https:\/\/delcofoundation.org\/es\/?s={search_term_string}\"},\"query-input\":{\"@type\":\"PropertyValueSpecification\",\"valueRequired\":true,\"valueName\":\"search_term_string\"}}],\"inLanguage\":\"es-ES\"},{\"@type\":\"Organization\",\"@id\":\"https:\/\/delcofoundation.org\/es\/#organization\",\"name\":\"The Foundation for Delaware County\",\"url\":\"https:\/\/delcofoundation.org\/es\/\",\"logo\":{\"@type\":\"ImageObject\",\"inLanguage\":\"es-ES\",\"@id\":\"https:\/\/delcofoundation.org\/es\/#\/schema\/logo\/image\/\",\"url\":\"\",\"contentUrl\":\"\",\"caption\":\"The Foundation for Delaware County\"},\"image\":{\"@id\":\"https:\/\/delcofoundation.org\/es\/#\/schema\/logo\/image\/\"}}]}<\/script>\n<!-- \/ Yoast SEO plugin. -->","yoast_head_json":{"title":"Junta de Asociados - The Foundation for Delaware County","robots":{"index":"index","follow":"follow","max-snippet":"max-snippet:-1","max-image-preview":"max-image-preview:large","max-video-preview":"max-video-preview:-1"},"canonical":"https:\/\/delcofoundation.org\/es\/junta-de-asociados\/","og_locale":"es_ES","og_type":"article","og_title":"Junta de Asociados - The Foundation for Delaware County","og_description":"Estamos cultivando la pr\u00f3xima generaci\u00f3n de fil\u00e1ntropos con la Junta de Asociados de la Fundaci\u00f3n. La Junta de Asociados es un grupo din\u00e1mico de j\u00f3venes profesionales dedicados a apoyar la misi\u00f3n de la Fundaci\u00f3n de fomentar una comunidad pr\u00f3spera en el condado de Delaware. Compuesta por l\u00edderes emergentes de diversos or\u00edgenes e industrias, la Junta...","og_url":"https:\/\/delcofoundation.org\/es\/junta-de-asociados\/","og_site_name":"The Foundation for Delaware County","article_modified_time":"2024-08-08T20:23:25+00:00","og_image":[{"width":1024,"height":512,"url":"https:\/\/delcofoundation.org\/app\/uploads\/2024\/08\/20240328-IMG_1623-1024x512.jpg","type":"image\/jpeg"}],"twitter_card":"summary_large_image","twitter_misc":{"Est. reading time":"2 minutes"},"schema":{"@context":"https:\/\/schema.org","@graph":[{"@type":"WebPage","@id":"https:\/\/delcofoundation.org\/es\/junta-de-asociados\/","url":"https:\/\/delcofoundation.org\/es\/junta-de-asociados\/","name":"Junta de Asociados - The Foundation for Delaware County","isPartOf":{"@id":"https:\/\/delcofoundation.org\/es\/#website"},"primaryImageOfPage":{"@id":"https:\/\/delcofoundation.org\/es\/junta-de-asociados\/#primaryimage"},"image":{"@id":"https:\/\/delcofoundation.org\/es\/junta-de-asociados\/#primaryimage"},"thumbnailUrl":"https:\/\/delcofoundation.org\/app\/uploads\/2025\/12\/DSC_0430-scaled.jpg","datePublished":"2024-08-05T14:54:12+00:00","dateModified":"2024-08-08T20:23:25+00:00","breadcrumb":{"@id":"https:\/\/delcofoundation.org\/es\/junta-de-asociados\/#breadcrumb"},"inLanguage":"es-ES","potentialAction":[{"@type":"ReadAction","target":["https:\/\/delcofoundation.org\/es\/junta-de-asociados\/"]}]},{"@type":"ImageObject","inLanguage":"es-ES","@id":"https:\/\/delcofoundation.org\/es\/junta-de-asociados\/#primaryimage","url":"https:\/\/delcofoundation.org\/app\/uploads\/2025\/12\/DSC_0430-scaled.jpg","contentUrl":"https:\/\/delcofoundation.org\/app\/uploads\/2025\/12\/DSC_0430-scaled.jpg","width":2560,"height":1707},{"@type":"BreadcrumbList","@id":"https:\/\/delcofoundation.org\/es\/junta-de-asociados\/#breadcrumb","itemListElement":[{"@type":"ListItem","position":1,"name":"Home","item":"https:\/\/delcofoundation.org\/es\/"},{"@type":"ListItem","position":2,"name":"Junta de Asociados"}]},{"@type":"WebSite","@id":"https:\/\/delcofoundation.org\/es\/#website","url":"https:\/\/delcofoundation.org\/es\/","name":"The Foundation for Delaware County","description":"","publisher":{"@id":"https:\/\/delcofoundation.org\/es\/#organization"},"potentialAction":[{"@type":"SearchAction","target":{"@type":"EntryPoint","urlTemplate":"https:\/\/delcofoundation.org\/es\/?s={search_term_string}"},"query-input":{"@type":"PropertyValueSpecification","valueRequired":true,"valueName":"search_term_string"}}],"inLanguage":"es-ES"},{"@type":"Organization","@id":"https:\/\/delcofoundation.org\/es\/#organization","name":"The Foundation for Delaware County","url":"https:\/\/delcofoundation.org\/es\/","logo":{"@type":"ImageObject","inLanguage":"es-ES","@id":"https:\/\/delcofoundation.org\/es\/#\/schema\/logo\/image\/","url":"","contentUrl":"","caption":"The Foundation for Delaware County"},"image":{"@id":"https:\/\/delcofoundation.org\/es\/#\/schema\/logo\/image\/"}}]}},"_links":{"self":[{"href":"https:\/\/delcofoundation.org\/es\/wp-json\/wp\/v2\/pages\/11118","targetHints":{"allow":["GET"]}}],"collection":[{"href":"https:\/\/delcofoundation.org\/es\/wp-json\/wp\/v2\/pages"}],"about":[{"href":"https:\/\/delcofoundation.org\/es\/wp-json\/wp\/v2\/types\/page"}],"author":[{"embeddable":true,"href":"https:\/\/delcofoundation.org\/es\/wp-json\/wp\/v2\/users\/12"}],"replies":[{"embeddable":true,"href":"https:\/\/delcofoundation.org\/es\/wp-json\/wp\/v2\/comments?post=11118"}],"version-history":[{"count":4,"href":"https:\/\/delcofoundation.org\/es\/wp-json\/wp\/v2\/pages\/11118\/revisions"}],"predecessor-version":[{"id":11183,"href":"https:\/\/delcofoundation.org\/es\/wp-json\/wp\/v2\/pages\/11118\/revisions\/11183"}],"wp:featuredmedia":[{"embeddable":true,"href":"https:\/\/delcofoundation.org\/es\/wp-json\/wp\/v2\/media\/15230"}],"wp:attachment":[{"href":"https:\/\/delcofoundation.org\/es\/wp-json\/wp\/v2\/media?parent=11118"}],"curies":[{"name":"wp","href":"https:\/\/api.w.org\/{rel}","templated":true}]}}