{"id":10973,"date":"2024-07-29T18:18:42","date_gmt":"2024-07-29T18:18:42","guid":{"rendered":"https:\/\/delcofoundation.org\/repositorio-de-recursos-cnex\/"},"modified":"2024-07-29T18:35:30","modified_gmt":"2024-07-29T18:35:30","slug":"repositorio-de-recursos-cnex","status":"publish","type":"page","link":"https:\/\/delcofoundation.org\/es\/repositorio-de-recursos-cnex\/","title":{"rendered":"Repositorio de recursos CNEx"},"content":{"rendered":"<p>Bienvenido al Repositorio de Recursos del Centro para la Excelencia No Lucrativa.<br \/>\nAqu\u00ed encontrar\u00e1s recursos de nuestras diversas oportunidades de aprendizaje celebradas a lo largo del a\u00f1o.<br \/>\nJulio 2024 &#8211; <a href=\"https:\/\/delcofoundation.org\/app\/uploads\/2024\/07\/ChatGPT-Reference-Material.pdf\" target=\"_blank\" rel=\"noopener\">ChatGPT Material de referencia (consulta el correo electr\u00f3nico para obtener la contrase\u00f1a del documento)<\/a> \u00bfPreguntas?<br \/>\nEnv\u00eda un correo electr\u00f3nico a <a href=\"mailto:cnex@delcofoundation.org\" target=\"_blank\" rel=\"noopener\">cnex@delcofoundation.org<\/a>   <\/p>\n","protected":false},"excerpt":{"rendered":"<p>Bienvenido al Repositorio de Recursos del Centro para la Excelencia No Lucrativa. Aqu\u00ed encontrar\u00e1s recursos de nuestras diversas oportunidades de aprendizaje celebradas a lo largo del a\u00f1o. Julio 2024 &#8211; ChatGPT Material de referencia (consulta el correo electr\u00f3nico para obtener la contrase\u00f1a del documento) \u00bfPreguntas? Env\u00eda un correo electr\u00f3nico a cnex@delcofoundation.org<\/p>\n","protected":false},"author":12,"featured_media":0,"parent":0,"menu_order":0,"comment_status":"closed","ping_status":"closed","template":"","meta":{"_acf_changed":false,"inline_featured_image":false,"footnotes":""},"class_list":["post-10973","page","type-page","status-publish","hentry"],"acf":[],"yoast_head":"<!-- This site is optimized with the Yoast SEO plugin v26.7 - https:\/\/yoast.com\/wordpress\/plugins\/seo\/ -->\n<title>Repositorio de recursos CNEx - The Foundation for Delaware County<\/title>\n<meta name=\"robots\" content=\"index, follow, max-snippet:-1, max-image-preview:large, max-video-preview:-1\" \/>\n<link rel=\"canonical\" href=\"https:\/\/delcofoundation.org\/es\/repositorio-de-recursos-cnex\/\" \/>\n<meta property=\"og:locale\" content=\"es_ES\" \/>\n<meta property=\"og:type\" content=\"article\" \/>\n<meta property=\"og:title\" content=\"Repositorio de recursos CNEx - The Foundation for Delaware County\" \/>\n<meta property=\"og:description\" content=\"Bienvenido al Repositorio de Recursos del Centro para la Excelencia No Lucrativa. Aqu\u00ed encontrar\u00e1s recursos de nuestras diversas oportunidades de aprendizaje celebradas a lo largo del a\u00f1o. Julio 2024 &#8211; ChatGPT Material de referencia (consulta el correo electr\u00f3nico para obtener la contrase\u00f1a del documento) \u00bfPreguntas? Env\u00eda un correo electr\u00f3nico a cnex@delcofoundation.org\" \/>\n<meta property=\"og:url\" content=\"https:\/\/delcofoundation.org\/es\/repositorio-de-recursos-cnex\/\" \/>\n<meta property=\"og:site_name\" content=\"The Foundation for Delaware County\" \/>\n<meta property=\"article:modified_time\" content=\"2024-07-29T18:35:30+00:00\" \/>\n<meta property=\"og:image\" content=\"https:\/\/delcofoundation.org\/app\/uploads\/2021\/10\/320_FDC-Annual-21-e1631905307293.jpg\" \/>\n\t<meta property=\"og:image:width\" content=\"1950\" \/>\n\t<meta property=\"og:image:height\" content=\"1150\" \/>\n\t<meta property=\"og:image:type\" content=\"image\/jpeg\" \/>\n<meta name=\"twitter:card\" content=\"summary_large_image\" \/>\n<script type=\"application\/ld+json\" class=\"yoast-schema-graph\">{\"@context\":\"https:\/\/schema.org\",\"@graph\":[{\"@type\":\"WebPage\",\"@id\":\"https:\/\/delcofoundation.org\/es\/repositorio-de-recursos-cnex\/\",\"url\":\"https:\/\/delcofoundation.org\/es\/repositorio-de-recursos-cnex\/\",\"name\":\"Repositorio de recursos CNEx - The Foundation for Delaware County\",\"isPartOf\":{\"@id\":\"https:\/\/delcofoundation.org\/es\/#website\"},\"datePublished\":\"2024-07-29T18:18:42+00:00\",\"dateModified\":\"2024-07-29T18:35:30+00:00\",\"breadcrumb\":{\"@id\":\"https:\/\/delcofoundation.org\/es\/repositorio-de-recursos-cnex\/#breadcrumb\"},\"inLanguage\":\"es-ES\",\"potentialAction\":[{\"@type\":\"ReadAction\",\"target\":[\"https:\/\/delcofoundation.org\/es\/repositorio-de-recursos-cnex\/\"]}]},{\"@type\":\"BreadcrumbList\",\"@id\":\"https:\/\/delcofoundation.org\/es\/repositorio-de-recursos-cnex\/#breadcrumb\",\"itemListElement\":[{\"@type\":\"ListItem\",\"position\":1,\"name\":\"Home\",\"item\":\"https:\/\/delcofoundation.org\/es\/\"},{\"@type\":\"ListItem\",\"position\":2,\"name\":\"Repositorio de recursos CNEx\"}]},{\"@type\":\"WebSite\",\"@id\":\"https:\/\/delcofoundation.org\/es\/#website\",\"url\":\"https:\/\/delcofoundation.org\/es\/\",\"name\":\"The Foundation for Delaware County\",\"description\":\"\",\"publisher\":{\"@id\":\"https:\/\/delcofoundation.org\/es\/#organization\"},\"potentialAction\":[{\"@type\":\"SearchAction\",\"target\":{\"@type\":\"EntryPoint\",\"urlTemplate\":\"https:\/\/delcofoundation.org\/es\/?s={search_term_string}\"},\"query-input\":{\"@type\":\"PropertyValueSpecification\",\"valueRequired\":true,\"valueName\":\"search_term_string\"}}],\"inLanguage\":\"es-ES\"},{\"@type\":\"Organization\",\"@id\":\"https:\/\/delcofoundation.org\/es\/#organization\",\"name\":\"The Foundation for Delaware County\",\"url\":\"https:\/\/delcofoundation.org\/es\/\",\"logo\":{\"@type\":\"ImageObject\",\"inLanguage\":\"es-ES\",\"@id\":\"https:\/\/delcofoundation.org\/es\/#\/schema\/logo\/image\/\",\"url\":\"\",\"contentUrl\":\"\",\"caption\":\"The Foundation for Delaware County\"},\"image\":{\"@id\":\"https:\/\/delcofoundation.org\/es\/#\/schema\/logo\/image\/\"}}]}<\/script>\n<!-- \/ Yoast SEO plugin. -->","yoast_head_json":{"title":"Repositorio de recursos CNEx - The Foundation for Delaware County","robots":{"index":"index","follow":"follow","max-snippet":"max-snippet:-1","max-image-preview":"max-image-preview:large","max-video-preview":"max-video-preview:-1"},"canonical":"https:\/\/delcofoundation.org\/es\/repositorio-de-recursos-cnex\/","og_locale":"es_ES","og_type":"article","og_title":"Repositorio de recursos CNEx - The Foundation for Delaware County","og_description":"Bienvenido al Repositorio de Recursos del Centro para la Excelencia No Lucrativa. Aqu\u00ed encontrar\u00e1s recursos de nuestras diversas oportunidades de aprendizaje celebradas a lo largo del a\u00f1o. Julio 2024 &#8211; ChatGPT Material de referencia (consulta el correo electr\u00f3nico para obtener la contrase\u00f1a del documento) \u00bfPreguntas? Env\u00eda un correo electr\u00f3nico a cnex@delcofoundation.org","og_url":"https:\/\/delcofoundation.org\/es\/repositorio-de-recursos-cnex\/","og_site_name":"The Foundation for Delaware County","article_modified_time":"2024-07-29T18:35:30+00:00","og_image":[{"width":1950,"height":1150,"url":"https:\/\/delcofoundation.org\/app\/uploads\/2021\/10\/320_FDC-Annual-21-e1631905307293.jpg","type":"image\/jpeg"}],"twitter_card":"summary_large_image","schema":{"@context":"https:\/\/schema.org","@graph":[{"@type":"WebPage","@id":"https:\/\/delcofoundation.org\/es\/repositorio-de-recursos-cnex\/","url":"https:\/\/delcofoundation.org\/es\/repositorio-de-recursos-cnex\/","name":"Repositorio de recursos CNEx - The Foundation for Delaware County","isPartOf":{"@id":"https:\/\/delcofoundation.org\/es\/#website"},"datePublished":"2024-07-29T18:18:42+00:00","dateModified":"2024-07-29T18:35:30+00:00","breadcrumb":{"@id":"https:\/\/delcofoundation.org\/es\/repositorio-de-recursos-cnex\/#breadcrumb"},"inLanguage":"es-ES","potentialAction":[{"@type":"ReadAction","target":["https:\/\/delcofoundation.org\/es\/repositorio-de-recursos-cnex\/"]}]},{"@type":"BreadcrumbList","@id":"https:\/\/delcofoundation.org\/es\/repositorio-de-recursos-cnex\/#breadcrumb","itemListElement":[{"@type":"ListItem","position":1,"name":"Home","item":"https:\/\/delcofoundation.org\/es\/"},{"@type":"ListItem","position":2,"name":"Repositorio de recursos CNEx"}]},{"@type":"WebSite","@id":"https:\/\/delcofoundation.org\/es\/#website","url":"https:\/\/delcofoundation.org\/es\/","name":"The Foundation for Delaware County","description":"","publisher":{"@id":"https:\/\/delcofoundation.org\/es\/#organization"},"potentialAction":[{"@type":"SearchAction","target":{"@type":"EntryPoint","urlTemplate":"https:\/\/delcofoundation.org\/es\/?s={search_term_string}"},"query-input":{"@type":"PropertyValueSpecification","valueRequired":true,"valueName":"search_term_string"}}],"inLanguage":"es-ES"},{"@type":"Organization","@id":"https:\/\/delcofoundation.org\/es\/#organization","name":"The Foundation for Delaware County","url":"https:\/\/delcofoundation.org\/es\/","logo":{"@type":"ImageObject","inLanguage":"es-ES","@id":"https:\/\/delcofoundation.org\/es\/#\/schema\/logo\/image\/","url":"","contentUrl":"","caption":"The Foundation for Delaware County"},"image":{"@id":"https:\/\/delcofoundation.org\/es\/#\/schema\/logo\/image\/"}}]}},"_links":{"self":[{"href":"https:\/\/delcofoundation.org\/es\/wp-json\/wp\/v2\/pages\/10973","targetHints":{"allow":["GET"]}}],"collection":[{"href":"https:\/\/delcofoundation.org\/es\/wp-json\/wp\/v2\/pages"}],"about":[{"href":"https:\/\/delcofoundation.org\/es\/wp-json\/wp\/v2\/types\/page"}],"author":[{"embeddable":true,"href":"https:\/\/delcofoundation.org\/es\/wp-json\/wp\/v2\/users\/12"}],"replies":[{"embeddable":true,"href":"https:\/\/delcofoundation.org\/es\/wp-json\/wp\/v2\/comments?post=10973"}],"version-history":[{"count":1,"href":"https:\/\/delcofoundation.org\/es\/wp-json\/wp\/v2\/pages\/10973\/revisions"}],"predecessor-version":[{"id":10978,"href":"https:\/\/delcofoundation.org\/es\/wp-json\/wp\/v2\/pages\/10973\/revisions\/10978"}],"wp:attachment":[{"href":"https:\/\/delcofoundation.org\/es\/wp-json\/wp\/v2\/media?parent=10973"}],"curies":[{"name":"wp","href":"https:\/\/api.w.org\/{rel}","templated":true}]}}